{"id":16,"date":"2024-07-17T20:47:25","date_gmt":"2024-07-17T20:47:25","guid":{"rendered":"https:\/\/sabbtrans.com\/?page_id=16"},"modified":"2025-02-26T05:13:48","modified_gmt":"2025-02-26T05:13:48","slug":"heavy-haulers-in-montreal","status":"publish","type":"page","link":"https:\/\/sabbtrans.com\/fr\/heavy-haulers-in-montreal\/","title":{"rendered":"Charges Enti\u00e8res"},"content":{"rendered":"<div data-elementor-type=\"wp-page\" data-elementor-id=\"16\" class=\"elementor elementor-16\">\n\t\t\t\t\t\t<section class=\"elementor-section elementor-top-section elementor-element elementor-element-ec1ce14 elementor-section-full_width elementor-section-height-min-height elementor-section-height-default elementor-section-items-middle\" data-id=\"ec1ce14\" data-element_type=\"section\" data-e-type=\"section\" data-settings=\"{&quot;background_background&quot;:&quot;gradient&quot;}\">\n\t\t\t\t\t\t<div class=\"elementor-container elementor-column-gap-default\">\n\t\t\t\t\t<div class=\"elementor-column elementor-col-100 elementor-top-column elementor-element elementor-element-fdfa779\" data-id=\"fdfa779\" data-element_type=\"column\" data-e-type=\"column\">\n\t\t\t<div class=\"elementor-widget-wrap elementor-element-populated\">\n\t\t\t\t\t\t<section class=\"elementor-section elementor-inner-section elementor-element elementor-element-cf6137b elementor-section-boxed elementor-section-height-default elementor-section-height-default\" data-id=\"cf6137b\" data-element_type=\"section\" data-e-type=\"section\">\n\t\t\t\t\t\t<div class=\"elementor-container elementor-column-gap-wider\">\n\t\t\t\t\t<div class=\"elementor-column elementor-col-50 elementor-inner-column elementor-element elementor-element-f0bd558\" data-id=\"f0bd558\" data-element_type=\"column\" data-e-type=\"column\">\n\t\t\t<div class=\"elementor-widget-wrap elementor-element-populated\">\n\t\t\t\t\t\t<div class=\"elementor-element elementor-element-44e4c8f elementor-widget elementor-widget-heading\" data-id=\"44e4c8f\" data-element_type=\"widget\" data-e-type=\"widget\" data-widget_type=\"heading.default\">\n\t\t\t\t<div class=\"elementor-widget-container\">\n\t\t\t\t\t<h2 class=\"elementor-heading-title elementor-size-default\">SERVICE EXCLUSIF DE CHARGE ENTI\u00c8RE<\/h2>\t\t\t\t<\/div>\n\t\t\t\t<\/div>\n\t\t\t\t<div class=\"elementor-element elementor-element-8184346 elementor-widget elementor-widget-text-editor\" data-id=\"8184346\" data-element_type=\"widget\" data-e-type=\"widget\" data-widget_type=\"text-editor.default\">\n\t\t\t\t<div class=\"elementor-widget-container\">\n\t\t\t\t\t\t\t\t\t<p>Nous sommes les meilleurs transporteurs lourds \u00e0 Montr\u00e9al. Notre service de chargement de camions est disponible dans toutes les provinces canadiennes et dans 48 \u00c9tats am\u00e9ricains.<\/p>\t\t\t\t\t\t\t\t<\/div>\n\t\t\t\t<\/div>\n\t\t\t\t<div class=\"elementor-element elementor-element-25065dc elementor-widget elementor-widget-heading\" data-id=\"25065dc\" data-element_type=\"widget\" data-e-type=\"widget\" data-widget_type=\"heading.default\">\n\t\t\t\t<div class=\"elementor-widget-container\">\n\t\t\t\t\t<h2 class=\"elementor-heading-title elementor-size-default\">Des capacit\u00e9s pour r\u00e9pondre \u00e0 tous vos besoins en mati\u00e8re de chargements de camions\u00a0;<\/h2>\t\t\t\t<\/div>\n\t\t\t\t<\/div>\n\t\t\t\t<div class=\"elementor-element elementor-element-98e1b87 elementor-icon-list--layout-traditional elementor-list-item-link-full_width elementor-widget elementor-widget-icon-list\" data-id=\"98e1b87\" data-element_type=\"widget\" data-e-type=\"widget\" data-widget_type=\"icon-list.default\">\n\t\t\t\t<div class=\"elementor-widget-container\">\n\t\t\t\t\t\t\t<ul class=\"elementor-icon-list-items\">\n\t\t\t\t\t\t\t<li class=\"elementor-icon-list-item\">\n\t\t\t\t\t\t\t\t\t\t\t<span class=\"elementor-icon-list-icon\">\n\t\t\t\t\t\t\t<svg aria-hidden=\"true\" class=\"e-font-icon-svg e-fas-angle-double-right\" viewbox=\"0 0 448 512\" xmlns=\"http:\/\/www.w3.org\/2000\/svg\"><path d=\"M224.3 273l-136 136c-9.4 9.4-24.6 9.4-33.9 0l-22.6-22.6c-9.4-9.4-9.4-24.6 0-33.9l96.4-96.4-96.4-96.4c-9.4-9.4-9.4-24.6 0-33.9L54.3 103c9.4-9.4 24.6-9.4 33.9 0l136 136c9.5 9.4 9.5 24.6.1 34zm192-34l-136-136c-9.4-9.4-24.6-9.4-33.9 0l-22.6 22.6c-9.4 9.4-9.4 24.6 0 33.9l96.4 96.4-96.4 96.4c-9.4 9.4-9.4 24.6 0 33.9l22.6 22.6c9.4 9.4 24.6 9.4 33.9 0l136-136c9.4-9.2 9.4-24.4 0-33.8z\"><\/path><\/svg>\t\t\t\t\t\t<\/span>\n\t\t\t\t\t\t\t\t\t\t<span class=\"elementor-icon-list-text\">Le service exclusif est un service de cueillette et de livraison rapides.<\/span>\n\t\t\t\t\t\t\t\t\t<\/li>\n\t\t\t\t\t\t\t\t<li class=\"elementor-icon-list-item\">\n\t\t\t\t\t\t\t\t\t\t\t<span class=\"elementor-icon-list-icon\">\n\t\t\t\t\t\t\t<svg aria-hidden=\"true\" class=\"e-font-icon-svg e-fas-angle-double-right\" viewbox=\"0 0 448 512\" xmlns=\"http:\/\/www.w3.org\/2000\/svg\"><path d=\"M224.3 273l-136 136c-9.4 9.4-24.6 9.4-33.9 0l-22.6-22.6c-9.4-9.4-9.4-24.6 0-33.9l96.4-96.4-96.4-96.4c-9.4-9.4-9.4-24.6 0-33.9L54.3 103c9.4-9.4 24.6-9.4 33.9 0l136 136c9.5 9.4 9.5 24.6.1 34zm192-34l-136-136c-9.4-9.4-24.6-9.4-33.9 0l-22.6 22.6c-9.4 9.4-9.4 24.6 0 33.9l96.4 96.4-96.4 96.4c-9.4 9.4-9.4 24.6 0 33.9l22.6 22.6c9.4 9.4 24.6 9.4 33.9 0l136-136c9.4-9.2 9.4-24.4 0-33.8z\"><\/path><\/svg>\t\t\t\t\t\t<\/span>\n\t\t\t\t\t\t\t\t\t\t<span class=\"elementor-icon-list-text\"> Service de juste \u00e0 temps: Vous permet de choisir l&#039;heure et la journ\u00e9e de livraison.<\/span>\n\t\t\t\t\t\t\t\t\t<\/li>\n\t\t\t\t\t\t\t\t<li class=\"elementor-icon-list-item\">\n\t\t\t\t\t\t\t\t\t\t\t<span class=\"elementor-icon-list-icon\">\n\t\t\t\t\t\t\t<svg aria-hidden=\"true\" class=\"e-font-icon-svg e-fas-angle-double-right\" viewbox=\"0 0 448 512\" xmlns=\"http:\/\/www.w3.org\/2000\/svg\"><path d=\"M224.3 273l-136 136c-9.4 9.4-24.6 9.4-33.9 0l-22.6-22.6c-9.4-9.4-9.4-24.6 0-33.9l96.4-96.4-96.4-96.4c-9.4-9.4-9.4-24.6 0-33.9L54.3 103c9.4-9.4 24.6-9.4 33.9 0l136 136c9.5 9.4 9.5 24.6.1 34zm192-34l-136-136c-9.4-9.4-24.6-9.4-33.9 0l-22.6 22.6c-9.4 9.4-9.4 24.6 0 33.9l96.4 96.4-96.4 96.4c-9.4 9.4-9.4 24.6 0 33.9l22.6 22.6c9.4 9.4 24.6 9.4 33.9 0l136-136c9.4-9.2 9.4-24.4 0-33.8z\"><\/path><\/svg>\t\t\t\t\t\t<\/span>\n\t\t\t\t\t\t\t\t\t\t<span class=\"elementor-icon-list-text\"> Des employ\u00e9s exp\u00e9riment\u00e9s sont pr\u00eats \u00e0 vous aider pour planifier et c\u00e9duler d\u00e9part et arriv\u00e9s\nde vos chargements.<\/span>\n\t\t\t\t\t\t\t\t\t<\/li>\n\t\t\t\t\t\t\t\t<li class=\"elementor-icon-list-item\">\n\t\t\t\t\t\t\t\t\t\t\t<span class=\"elementor-icon-list-icon\">\n\t\t\t\t\t\t\t<svg aria-hidden=\"true\" class=\"e-font-icon-svg e-fas-angle-double-right\" viewbox=\"0 0 448 512\" xmlns=\"http:\/\/www.w3.org\/2000\/svg\"><path d=\"M224.3 273l-136 136c-9.4 9.4-24.6 9.4-33.9 0l-22.6-22.6c-9.4-9.4-9.4-24.6 0-33.9l96.4-96.4-96.4-96.4c-9.4-9.4-9.4-24.6 0-33.9L54.3 103c9.4-9.4 24.6-9.4 33.9 0l136 136c9.5 9.4 9.5 24.6.1 34zm192-34l-136-136c-9.4-9.4-24.6-9.4-33.9 0l-22.6 22.6c-9.4 9.4-9.4 24.6 0 33.9l96.4 96.4-96.4 96.4c-9.4 9.4-9.4 24.6 0 33.9l22.6 22.6c9.4 9.4 24.6 9.4 33.9 0l136-136c9.4-9.2 9.4-24.4 0-33.8z\"><\/path><\/svg>\t\t\t\t\t\t<\/span>\n\t\t\t\t\t\t\t\t\t\t<span class=\"elementor-icon-list-text\"> \u00c9quipements disponibles: Plateformes 48&#039;, Fardiers baiss\u00e9s 11&#039; x 37&#039;, fardiers surbaiss\u00e9s, et\nremorques ferm\u00e9es chauff\u00e9es ou r\u00e9frig\u00e9r\u00e9es. <\/span>\n\t\t\t\t\t\t\t\t\t<\/li>\n\t\t\t\t\t\t\t\t<li class=\"elementor-icon-list-item\">\n\t\t\t\t\t\t\t\t\t\t\t<span class=\"elementor-icon-list-icon\">\n\t\t\t\t\t\t\t<svg aria-hidden=\"true\" class=\"e-font-icon-svg e-fas-angle-double-right\" viewbox=\"0 0 448 512\" xmlns=\"http:\/\/www.w3.org\/2000\/svg\"><path d=\"M224.3 273l-136 136c-9.4 9.4-24.6 9.4-33.9 0l-22.6-22.6c-9.4-9.4-9.4-24.6 0-33.9l96.4-96.4-96.4-96.4c-9.4-9.4-9.4-24.6 0-33.9L54.3 103c9.4-9.4 24.6-9.4 33.9 0l136 136c9.5 9.4 9.5 24.6.1 34zm192-34l-136-136c-9.4-9.4-24.6-9.4-33.9 0l-22.6 22.6c-9.4 9.4-9.4 24.6 0 33.9l96.4 96.4-96.4 96.4c-9.4 9.4-9.4 24.6 0 33.9l22.6 22.6c9.4 9.4 24.6 9.4 33.9 0l136-136c9.4-9.2 9.4-24.4 0-33.8z\"><\/path><\/svg>\t\t\t\t\t\t<\/span>\n\t\t\t\t\t\t\t\t\t\t<span class=\"elementor-icon-list-text\">Ce service couvre tout le Canada et les \u00c9tats-Unis et le Mexique.<\/span>\n\t\t\t\t\t\t\t\t\t<\/li>\n\t\t\t\t\t\t<\/ul>\n\t\t\t\t\t\t<\/div>\n\t\t\t\t<\/div>\n\t\t\t\t<div class=\"elementor-element elementor-element-021eadb elementor-widget elementor-widget-heading\" data-id=\"021eadb\" data-element_type=\"widget\" data-e-type=\"widget\" data-widget_type=\"heading.default\">\n\t\t\t\t<div class=\"elementor-widget-container\">\n\t\t\t\t\t<h2 class=\"elementor-heading-title elementor-size-default\"> Transporteurs lourds \u00e0 Montr\u00e9al, Canada<\/h2>\t\t\t\t<\/div>\n\t\t\t\t<\/div>\n\t\t\t\t<div class=\"elementor-element elementor-element-86a0015 elementor-widget elementor-widget-text-editor\" data-id=\"86a0015\" data-element_type=\"widget\" data-e-type=\"widget\" data-widget_type=\"text-editor.default\">\n\t\t\t\t<div class=\"elementor-widget-container\">\n\t\t\t\t\t\t\t\t\t<p>Tous nos <a href=\"https:\/\/sabbtrans.com\/fr\/specialized-transport\/\">services<\/a> are offered with a complete follow-ups. You are advised by phone or by <a href='https:\/\/www.east-gonfiabili.it\/e131-gonfiabili.html' style=\"color: black; text-decoration: none;\">email<\/a> when your freight is delivered. We are committed to providing our customers with the best service with honesty, courtesy and respect.<\/p>\t\t\t\t\t\t\t\t<\/div>\n\t\t\t\t<\/div>\n\t\t\t\t<div class=\"elementor-element elementor-element-7cfb79c elementor-widget elementor-widget-button\" data-id=\"7cfb79c\" data-element_type=\"widget\" data-e-type=\"widget\" data-widget_type=\"button.default\">\n\t\t\t\t<div class=\"elementor-widget-container\">\n\t\t\t\t\t\t\t\t\t<div class=\"elementor-button-wrapper\">\n\t\t\t\t\t<a class=\"elementor-button elementor-button-link elementor-size-sm\" href=\"https:\/\/sabbtrans.com\/fr\/request-a-quote\/\">\n\t\t\t\t\t\t<span class=\"elementor-button-content-wrapper\">\n\t\t\t\t\t\t\t\t\t<span class=\"elementor-button-text\">Demande de Cotation<\/span>\n\t\t\t\t\t<\/span>\n\t\t\t\t\t<\/a>\n\t\t\t\t<\/div>\n\t\t\t\t\t\t\t\t<\/div>\n\t\t\t\t<\/div>\n\t\t\t\t\t<\/div>\n\t\t<\/div>\n\t\t\t\t<div class=\"elementor-column elementor-col-50 elementor-inner-column elementor-element elementor-element-1a15574\" data-id=\"1a15574\" data-element_type=\"column\" data-e-type=\"column\" data-settings=\"{&quot;background_background&quot;:&quot;classic&quot;}\">\n\t\t\t<div class=\"elementor-widget-wrap elementor-element-populated\">\n\t\t\t\t\t\t<div class=\"elementor-element elementor-element-fd6b08e elementor-widget elementor-widget-image\" data-id=\"fd6b08e\" data-element_type=\"widget\" data-e-type=\"widget\" data-widget_type=\"image.default\">\n\t\t\t\t<div class=\"elementor-widget-container\">\n\t\t\t\t\t\t\t\t\t\t\t\t\t\t\t<img decoding=\"async\" src=\"https:\/\/sabbtrans.com\/wp-content\/uploads\/2024\/07\/67829838_474599400027103_3985877199994486784_n.jpg\" title=\"67829838_474599400027103_3985877199994486784_n\" alt=\"Heavy Haulers in Montreal\" loading=\"lazy\" \/>\t\t\t\t\t\t\t\t\t\t\t\t\t\t\t<\/div>\n\t\t\t\t<\/div>\n\t\t\t\t\t<\/div>\n\t\t<\/div>\n\t\t\t\t\t<\/div>\n\t\t<\/section>\n\t\t\t\t\t<\/div>\n\t\t<\/div>\n\t\t\t\t\t<\/div>\n\t\t<\/section>\n\t\t\t\t<\/div>","protected":false},"excerpt":{"rendered":"<p>TRUCK LOAD SERVICE We are the best Heavy Haulers in Montreal. Our Truck Load service is available to all Canadian provinces and to 48 American states. Capabilities to meet all your truckload needs; Truck Load Service is designed for fast, reliable pickup and delivery Exact Time service: Truckload for guaranteed, time-definite, expedited delivery Experienced transportation&#8230;<\/p>","protected":false},"author":1,"featured_media":0,"parent":0,"menu_order":0,"comment_status":"closed","ping_status":"closed","template":"elementor_header_footer","meta":{"_kad_post_transparent":"","_kad_post_title":"hide","_kad_post_layout":"fullwidth","_kad_post_sidebar_id":"","_kad_post_content_style":"unboxed","_kad_post_vertical_padding":"hide","_kad_post_feature":"hide","_kad_post_feature_position":"","_kad_post_header":false,"_kad_post_footer":false,"_kad_post_classname":"","two_page_speed":{"previous_score":{"desktop_score":96,"desktop_tti":"0.8\u00a0","mobile_score":74,"mobile_tti":"4.2\u00a0","date":"28.08.2024 06:20:50 pm","status":"completed"},"current_score":{"desktop_score":98,"desktop_tti":"0.9\u00a0","mobile_score":96,"mobile_tti":"2.3\u00a0","date":"30.08.2024 06:32:45 pm","status":"completed"}},"footnotes":""},"class_list":["post-16","page","type-page","status-publish","hentry"],"yoast_head":"<!-- This site is optimized with the Yoast SEO plugin v25.6 - https:\/\/yoast.com\/wordpress\/plugins\/seo\/ -->\n<title>Heavy Haulers in Montreal, Canada | Truck Load Services<\/title>\n<meta name=\"description\" content=\"One of the best Heavy Haulers in Montreal. We provide our customers with the best service with honesty, courtesy and respect.\" \/>\n<meta name=\"robots\" content=\"index, follow, max-snippet:-1, max-image-preview:large, max-video-preview:-1\" \/>\n<link rel=\"canonical\" href=\"https:\/\/sabbtrans.com\/fr\/heavy-haulers-in-montreal\/\" \/>\n<meta property=\"og:locale\" content=\"fr_CA\" \/>\n<meta property=\"og:type\" content=\"article\" \/>\n<meta property=\"og:title\" content=\"Heavy Haulers in Montreal, Canada | Truck Load Services\" \/>\n<meta property=\"og:description\" content=\"One of the best Heavy Haulers in Montreal. We provide our customers with the best service with honesty, courtesy and respect.\" \/>\n<meta property=\"og:url\" content=\"https:\/\/sabbtrans.com\/fr\/heavy-haulers-in-montreal\/\" \/>\n<meta property=\"og:site_name\" content=\"sabbtrans\" \/>\n<meta property=\"article:publisher\" content=\"https:\/\/www.facebook.com\/forsabtransport\" \/>\n<meta property=\"article:modified_time\" content=\"2025-02-26T05:13:48+00:00\" \/>\n<meta property=\"og:image\" content=\"https:\/\/sabbtrans.com\/wp-content\/uploads\/2024\/07\/67829838_474599400027103_3985877199994486784_n.jpg\" \/>\n<meta name=\"twitter:card\" content=\"summary_large_image\" \/>\n<meta name=\"twitter:label1\" content=\"Estimation du temps de lecture\" \/>\n\t<meta name=\"twitter:data1\" content=\"1 minute\" \/>\n<script type=\"application\/ld+json\" class=\"yoast-schema-graph\">{\"@context\":\"https:\/\/schema.org\",\"@graph\":[{\"@type\":\"WebPage\",\"@id\":\"https:\/\/sabbtrans.com\/heavy-haulers-in-montreal\/\",\"url\":\"https:\/\/sabbtrans.com\/heavy-haulers-in-montreal\/\",\"name\":\"Heavy Haulers in Montreal, Canada | Truck Load Services\",\"isPartOf\":{\"@id\":\"https:\/\/sabbtrans.com\/#website\"},\"primaryImageOfPage\":{\"@id\":\"https:\/\/sabbtrans.com\/heavy-haulers-in-montreal\/#primaryimage\"},\"image\":{\"@id\":\"https:\/\/sabbtrans.com\/heavy-haulers-in-montreal\/#primaryimage\"},\"thumbnailUrl\":\"https:\/\/sabbtrans.com\/wp-content\/uploads\/2024\/07\/67829838_474599400027103_3985877199994486784_n.jpg\",\"datePublished\":\"2024-07-17T20:47:25+00:00\",\"dateModified\":\"2025-02-26T05:13:48+00:00\",\"description\":\"One of the best Heavy Haulers in Montreal. We provide our customers with the best service with honesty, courtesy and respect.\",\"breadcrumb\":{\"@id\":\"https:\/\/sabbtrans.com\/heavy-haulers-in-montreal\/#breadcrumb\"},\"inLanguage\":\"fr-CA\",\"potentialAction\":[{\"@type\":\"ReadAction\",\"target\":[\"https:\/\/sabbtrans.com\/heavy-haulers-in-montreal\/\"]}]},{\"@type\":\"ImageObject\",\"inLanguage\":\"fr-CA\",\"@id\":\"https:\/\/sabbtrans.com\/heavy-haulers-in-montreal\/#primaryimage\",\"url\":\"https:\/\/sabbtrans.com\/wp-content\/uploads\/2024\/07\/67829838_474599400027103_3985877199994486784_n.jpg\",\"contentUrl\":\"https:\/\/sabbtrans.com\/wp-content\/uploads\/2024\/07\/67829838_474599400027103_3985877199994486784_n.jpg\"},{\"@type\":\"BreadcrumbList\",\"@id\":\"https:\/\/sabbtrans.com\/heavy-haulers-in-montreal\/#breadcrumb\",\"itemListElement\":[{\"@type\":\"ListItem\",\"position\":1,\"name\":\"Home\",\"item\":\"https:\/\/sabbtrans.com\/\"},{\"@type\":\"ListItem\",\"position\":2,\"name\":\"Truck Load Services\"}]},{\"@type\":\"WebSite\",\"@id\":\"https:\/\/sabbtrans.com\/#website\",\"url\":\"https:\/\/sabbtrans.com\/\",\"name\":\"Sabbtrans\",\"description\":\"\",\"publisher\":{\"@id\":\"https:\/\/sabbtrans.com\/#organization\"},\"potentialAction\":[{\"@type\":\"SearchAction\",\"target\":{\"@type\":\"EntryPoint\",\"urlTemplate\":\"https:\/\/sabbtrans.com\/?s={search_term_string}\"},\"query-input\":{\"@type\":\"PropertyValueSpecification\",\"valueRequired\":true,\"valueName\":\"search_term_string\"}}],\"inLanguage\":\"fr-CA\"},{\"@type\":\"Organization\",\"@id\":\"https:\/\/sabbtrans.com\/#organization\",\"name\":\"FORSAB INC.\",\"url\":\"https:\/\/sabbtrans.com\/\",\"logo\":{\"@type\":\"ImageObject\",\"inLanguage\":\"fr-CA\",\"@id\":\"https:\/\/sabbtrans.com\/#\/schema\/logo\/image\/\",\"url\":\"https:\/\/sabbtrans.com\/wp-content\/uploads\/2024\/07\/logo.png\",\"contentUrl\":\"https:\/\/sabbtrans.com\/wp-content\/uploads\/2024\/07\/logo.png\",\"width\":1439,\"height\":457,\"caption\":\"FORSAB INC.\"},\"image\":{\"@id\":\"https:\/\/sabbtrans.com\/#\/schema\/logo\/image\/\"},\"sameAs\":[\"https:\/\/www.facebook.com\/forsabtransport\"]}]}<\/script>\n<!-- \/ Yoast SEO plugin. -->","yoast_head_json":{"title":"Heavy Haulers in Montreal, Canada | Truck Load Services","description":"One of the best Heavy Haulers in Montreal. We provide our customers with the best service with honesty, courtesy and respect.","robots":{"index":"index","follow":"follow","max-snippet":"max-snippet:-1","max-image-preview":"max-image-preview:large","max-video-preview":"max-video-preview:-1"},"canonical":"https:\/\/sabbtrans.com\/fr\/heavy-haulers-in-montreal\/","og_locale":"fr_CA","og_type":"article","og_title":"Heavy Haulers in Montreal, Canada | Truck Load Services","og_description":"One of the best Heavy Haulers in Montreal. We provide our customers with the best service with honesty, courtesy and respect.","og_url":"https:\/\/sabbtrans.com\/fr\/heavy-haulers-in-montreal\/","og_site_name":"sabbtrans","article_publisher":"https:\/\/www.facebook.com\/forsabtransport","article_modified_time":"2025-02-26T05:13:48+00:00","og_image":[{"url":"https:\/\/sabbtrans.com\/wp-content\/uploads\/2024\/07\/67829838_474599400027103_3985877199994486784_n.jpg","type":"","width":"","height":""}],"twitter_card":"summary_large_image","twitter_misc":{"Estimation du temps de lecture":"1 minute"},"schema":{"@context":"https:\/\/schema.org","@graph":[{"@type":"WebPage","@id":"https:\/\/sabbtrans.com\/heavy-haulers-in-montreal\/","url":"https:\/\/sabbtrans.com\/heavy-haulers-in-montreal\/","name":"Heavy Haulers in Montreal, Canada | Truck Load Services","isPartOf":{"@id":"https:\/\/sabbtrans.com\/#website"},"primaryImageOfPage":{"@id":"https:\/\/sabbtrans.com\/heavy-haulers-in-montreal\/#primaryimage"},"image":{"@id":"https:\/\/sabbtrans.com\/heavy-haulers-in-montreal\/#primaryimage"},"thumbnailUrl":"https:\/\/sabbtrans.com\/wp-content\/uploads\/2024\/07\/67829838_474599400027103_3985877199994486784_n.jpg","datePublished":"2024-07-17T20:47:25+00:00","dateModified":"2025-02-26T05:13:48+00:00","description":"One of the best Heavy Haulers in Montreal. We provide our customers with the best service with honesty, courtesy and respect.","breadcrumb":{"@id":"https:\/\/sabbtrans.com\/heavy-haulers-in-montreal\/#breadcrumb"},"inLanguage":"fr-CA","potentialAction":[{"@type":"ReadAction","target":["https:\/\/sabbtrans.com\/heavy-haulers-in-montreal\/"]}]},{"@type":"ImageObject","inLanguage":"fr-CA","@id":"https:\/\/sabbtrans.com\/heavy-haulers-in-montreal\/#primaryimage","url":"https:\/\/sabbtrans.com\/wp-content\/uploads\/2024\/07\/67829838_474599400027103_3985877199994486784_n.jpg","contentUrl":"https:\/\/sabbtrans.com\/wp-content\/uploads\/2024\/07\/67829838_474599400027103_3985877199994486784_n.jpg"},{"@type":"BreadcrumbList","@id":"https:\/\/sabbtrans.com\/heavy-haulers-in-montreal\/#breadcrumb","itemListElement":[{"@type":"ListItem","position":1,"name":"Home","item":"https:\/\/sabbtrans.com\/"},{"@type":"ListItem","position":2,"name":"Truck Load Services"}]},{"@type":"WebSite","@id":"https:\/\/sabbtrans.com\/#website","url":"https:\/\/sabbtrans.com\/","name":"Sabbtrans","description":"","publisher":{"@id":"https:\/\/sabbtrans.com\/#organization"},"potentialAction":[{"@type":"SearchAction","target":{"@type":"EntryPoint","urlTemplate":"https:\/\/sabbtrans.com\/?s={search_term_string}"},"query-input":{"@type":"PropertyValueSpecification","valueRequired":true,"valueName":"search_term_string"}}],"inLanguage":"fr-CA"},{"@type":"Organization","@id":"https:\/\/sabbtrans.com\/#organization","name":"FORSAB INC.","url":"https:\/\/sabbtrans.com\/","logo":{"@type":"ImageObject","inLanguage":"fr-CA","@id":"https:\/\/sabbtrans.com\/#\/schema\/logo\/image\/","url":"https:\/\/sabbtrans.com\/wp-content\/uploads\/2024\/07\/logo.png","contentUrl":"https:\/\/sabbtrans.com\/wp-content\/uploads\/2024\/07\/logo.png","width":1439,"height":457,"caption":"FORSAB INC."},"image":{"@id":"https:\/\/sabbtrans.com\/#\/schema\/logo\/image\/"},"sameAs":["https:\/\/www.facebook.com\/forsabtransport"]}]}},"_links":{"self":[{"href":"https:\/\/sabbtrans.com\/fr\/wp-json\/wp\/v2\/pages\/16"}],"collection":[{"href":"https:\/\/sabbtrans.com\/fr\/wp-json\/wp\/v2\/pages"}],"about":[{"href":"https:\/\/sabbtrans.com\/fr\/wp-json\/wp\/v2\/types\/page"}],"author":[{"embeddable":true,"href":"https:\/\/sabbtrans.com\/fr\/wp-json\/wp\/v2\/users\/1"}],"replies":[{"embeddable":true,"href":"https:\/\/sabbtrans.com\/fr\/wp-json\/wp\/v2\/comments?post=16"}],"version-history":[{"count":37,"href":"https:\/\/sabbtrans.com\/fr\/wp-json\/wp\/v2\/pages\/16\/revisions"}],"predecessor-version":[{"id":900,"href":"https:\/\/sabbtrans.com\/fr\/wp-json\/wp\/v2\/pages\/16\/revisions\/900"}],"wp:attachment":[{"href":"https:\/\/sabbtrans.com\/fr\/wp-json\/wp\/v2\/media?parent=16"}],"curies":[{"name":"wp","href":"https:\/\/api.w.org\/{rel}","templated":true}]}}